{"id":2,"date":"2017-06-14T02:03:05","date_gmt":"2017-06-14T00:03:05","guid":{"rendered":"http:\/\/touchtantratrnava.sk\/?page_id=2"},"modified":"2025-05-16T14:56:12","modified_gmt":"2025-05-16T12:56:12","slug":"ukazka-strany","status":"publish","type":"page","link":"https:\/\/touchtantratrnava.sk\/","title":{"rendered":"TouchTantraTrnava"},"content":{"rendered":"\n\n\t\n\t<h5>Telo, omamn\u00e1 v\u00f4\u0148a, \u00facta a\u00a0l\u00e1skypln\u00fd vzru\u0161uj\u00faci\u00a0DOTYK-TOUCH-TANTRA opraden\u00e1 z\u00e1vojom tajomnej sexuality. Pavu\u010dina okamihov vzru\u0161enia a\u00a0slastn\u00e9ho uvo\u013enenia.<\/h5>\n<h5>\u010co v\u0161etko preblysne hlavou pri slove TANTRA mas\u00e1\u017e?<\/h5>\n<h5>Je to zmyseln\u00e1 uvo\u013e\u0148uj\u00faca mas\u00e1\u017e, umenie dotyku vlievaj\u00face sa do tela, prin\u00e1\u0161aj\u00face prebudenie \u017eivotnej energie, ext\u00e1za slasti a\u00a0nezabudnute\u013en\u00fdch okamihov zv\u00e1dzaj\u00facich k\u00a0vn\u00edmaniu najhlb\u0161ej podstaty sam\u00e9ho seba prostredn\u00edctvom dotyku ne\u017enej, jemnej, n\u00e1dherou zv\u00e1dzaj\u00facej mas\u00e9rky.<\/h5>\n<h5>Na\u0161\u0165astie, dnes v\u00e4\u010d\u0161ina spolo\u010dnosti predsudky odhadzuje a mnoh\u00ed objavuj\u00fa u\u010denie tantra ako sp\u00f4sob na dosiahnutie \u017eivotnej rovnov\u00e1hy a pohody. Bez oh\u013eadu na ich vierovyznanie. Tantra mas\u00e1\u017ee sa preto st\u00e1vaj\u00fa vyh\u013eadanou relaxa\u010dnou technikou, ktor\u00e1 v \u010dloveku zaka\u017ed\u00fdm objav\u00ed nie\u010do nov\u00e9 a prinesie mu nov\u00fd z\u00e1\u017eitok. To, \u010di bude emocion\u00e1lny, spiritu\u00e1lny \u010di sexu\u00e1lny z\u00e1vis\u00ed u\u017e od konkr\u00e9tneho \u010dloveka a situ\u00e1cie.\u00a0<a href=\"http:\/\/www.dobrenoviny.sk\/c\/97368\/zoznamte-sa-s-historiou-tantry-a-tantra-masazi\" target=\"_blank\" rel=\"noopener noreferrer\">Hist\u00f3ria TANTRY<\/a><\/h5>\n<p>&nbsp;<\/p>\n\t<h5>\u00a0<img loading=\"lazy\" decoding=\"async\" src=\"http:\/\/touchtantratrnava.sk\/wp-content\/uploads\/2017\/06\/zz.png\" alt=\"\" width=\"50\" height=\"50\" \/>TOUCH TANTRA<\/h5>\n<h5>60 min\/130 \u20ac \u00a0\u00a0| \u00a0\u00a090 min\/150 \u20ac \u00a0\u00a0| \u00a0 120 min\/200 \u20ac<\/h5>\n<hr \/>\n<h5>Vzru\u0161en\u00e9 naolejovan\u00e9 telo rozko\u0161nej nahej mas\u00e9rky dr\u00e1\u017edivo k\u013a\u017ee po Va\u0161om tele. Jej slastn\u00e1 v\u00f4\u0148a zaplavuje zmysly a\u00a0nap\u013a\u0148a ka\u017ed\u00fa priehlbinku v\u00e1\u0161ho JA nap\u00e4t\u00fdm o\u010dak\u00e1van\u00edm bo\u017esk\u00e9ho pre\u017eitku&#8230; Pri tejto predstave sa V\u00e1s zmoc\u0148uje t\u00fa\u017eba za\u017ei\u0165 v\u00e1\u0161niv\u00e9 opojenie zmyslov a\u00a0n\u00e1sledn\u00fd v\u00fdbuch orgastickej energie, driemaj\u00facej v\u00a0h\u013abke v\u00e1\u0161ho vzru\u0161en\u00e9ho tela. Ak pri \u010d\u00edtan\u00ed t\u00fdchto riadkov c\u00edtite nap\u00e4tie a\u00a0t\u00fa\u017ebu, je TOUCH TANTRA mas\u00e1\u017e pr\u00e1ve pre V\u00e1s. Dotknite sa svojej najtajnej\u0161ej h\u013abky n\u00e1dhern\u00fdm telom mas\u00e9rky a\u00a0za\u017eijete bo\u017esk\u00fd dotyk. Pri tejto mas\u00e1\u017ei\u00a0 je mo\u017en\u00e9 dot\u00fdka\u0165 sa tela mas\u00e9rky a t\u00fdm si vychutna\u0165 aj jej intimitu. Vzru\u0161uj\u00faci z\u00e1\u017eitok, ktor\u00fd spln\u00ed o\u010dak\u00e1vania aj t\u00fdch najn\u00e1ro\u010dnej\u0161\u00edch klientov.<\/h5>\n\t<h5><img loading=\"lazy\" decoding=\"async\" src=\"http:\/\/touchtantratrnava.sk\/wp-content\/uploads\/2017\/06\/zz.png\" alt=\"\" width=\"50\" height=\"50\" \/>SCHUMACHER TANTRA<\/h5>\n<h5>40 min\/60 \u20ac<\/h5>\n<hr \/>\n<h5>T\u00fa\u017eite po intenz\u00edvnom vzru\u0161uj\u00facom z\u00e1\u017eitku? Pomal\u00e9 dotyky nie s\u00fa to, \u010do h\u013ead\u00e1te? Odpor\u00fa\u010dame v\u00e1m vyu\u017ei\u0165 pr\u00e1ve t\u00fato tantrick\u00fa mas\u00e1\u017e. Za\u010d\u00edna ucten\u00edm si a\u00a0priv\u00edtan\u00edm V\u00e1\u0161ho tela, potom mas\u00e9rka jemn\u00fdmi cielen\u00fdmi dotykmi rozvibruje va\u0161e vn\u00fatro a\u00a0vy sa ocit\u00e1te v\u00a0priestore slastnej zmyselnosti. Nechajte sa h\u00fd\u010dka\u0165 a\u00a0oddajte sa dotykom profesion\u00e1lky. Bez mo\u017enosti dotkn\u00fa\u0165 sa jej rozp\u00e1len\u00e9ho vo\u0148av\u00e9ho tela va\u0161e vn\u00fatro exploduje nedo\u010dkavos\u0165ou ove\u013ea r\u00fdchlej\u0161ie a\u00a0intenz\u00edvnej\u0161ie. O\u00a0tom je Schumi TANTRA mas\u00e1\u017e.<\/h5>\n\t<h5><img loading=\"lazy\" decoding=\"async\" src=\"http:\/\/touchtantratrnava.sk\/wp-content\/uploads\/2017\/06\/xx.png\" alt=\"\" width=\"87\" height=\"50\" \/>SEVEN HEAVEN TANTRA (\u0161tvorru\u010dn\u00e1)<\/h5>\n<h5>60 min\/200 \u20ac \u00a0 |\u00a0 \u00a090\u00a0min\/250 \u20ac<\/h5>\n<hr \/>\n<h5>Vn\u00edmanie dvoch p\u00e1rov r\u00fak na tele prin\u00e1\u0161a maxim\u00e1lne uvo\u013enenie, je to pre\u017eitok najtajnej\u0161\u00edch t\u00fa\u017eob a\u00a0\u017eelan\u00ed..V\u00e1\u0161 sen sa m\u00f4\u017ee naplni\u0165, ak si vyberiete mas\u00e1\u017e dvomi mas\u00e9rkami. Pr\u00ed\u010fte sa rozplyn\u00fa\u0165 v\u00a0pr\u00edtomnosti p\u00f4vabu a\u00a0dvojn\u00e1sobnej \u017eenskej zmyselnosti.<\/h5>\n<hr \/>\n\n\t<h5><img loading=\"lazy\" decoding=\"async\" src=\"http:\/\/touchtantratrnava.sk\/wp-content\/uploads\/2017\/06\/yy-1.png\" alt=\"\" width=\"50\" height=\"50\" \/>TANTRICK\u00c1 MAS\u00c1\u017d PRE \u017dENY<\/h5>\n<h5>60 min\/100 \u20ac<\/h5>\n<hr \/>\n<h5>\u017densk\u00e9 telo je chr\u00e1mom l\u00e1sky. Je sv\u00e4ty\u0148ou a\u00a0gr\u00e1lom naplnenia \u017eivota. Pozornos\u0165 mu venujeme rovnako ako telu mu\u017ea. Je n\u00e1m c\u0165ou l\u00e1skypln\u00fdm dotykom rozh\u00fd\u010dka\u0165 telo \u017eeny telom a\u00a0rukami \u017eeny. V\u00e1bivo podmaniv\u00e9 tel\u00e1 sa roztancuj\u00fa pri prv\u00fdch dotykoch a\u00a0pr\u00edval energie je nezadr\u017eate\u013en\u00fd. Ak c\u00edti\u0161 samu seba v\u00a0tomto obraze, si v\u00edtan\u00e1.<\/h5>\n\t<h5><img loading=\"lazy\" decoding=\"async\" src=\"http:\/\/touchtantratrnava.sk\/wp-content\/uploads\/2017\/06\/zz.png\" alt=\"\" width=\"50\" height=\"50\" \/>\u00a0 \u00a0KING TANTRA \u00a0 \u00a0 \u00a0 \u00a0 \u00a0\u00a0(mas\u00e1\u017e prostaty) \u00a0 \u00a0 \u00a0<\/h5>\n<h5>60 min\/130 \u20ac \u00a0\u00a0| \u00a0 90 min\/150\u20ac\u00a0<\/h5>\n<hr \/>\n<h5>Priestor intimity, ktor\u00fd tento druh mas\u00e1\u017ee otvor\u00ed, je slovami\u00a0 \u0165a\u017eko uchopite\u013en\u00fd. Mu\u017e ako lovec a\u00a0dobyvate\u013e sa zrazu ocit\u00e1 v\u00a0poz\u00edcii pr\u00edjemcu, v\u00a0poz\u00edcii, kde aktivita \u017eeny \u010faleko prevy\u0161uje o\u010dak\u00e1vania. Tento druh mas\u00e1\u017ee je pre mu\u017eov, ktor\u00ed\u00a0s\u00fa odv\u00e1\u017eni a dovolia \u017eene dotkn\u00fa\u0165 sa, \u010dastokr\u00e1t, i sebou nepoznan\u00fdch int\u00edmnych miest. Pr\u00ed\u010f, daj sa zvies\u0165!\u00a0\u00a0<\/h5>\n\t\n\t<h5>SAL\u00d3N<\/h5>\n\t\t\t\t<a href=\"https:\/\/touchtantratrnava.sk\/wp-content\/uploads\/2018\/04\/c.jpg\" target=\"_self\" itemprop=\"url\" rel=\"noopener noreferrer\">\n\t\t\t\t<img decoding=\"async\" src=\"http:\/\/touchtantratrnava.sk\/wp-content\/uploads\/2018\/04\/c.jpg\" alt=\"c\" itemprop=\"image\" title=\"c\" onerror=\"this.style.display='none'\"  \/>\n\t\t\t\t<\/a>\n\t\t\t\t<a href=\"https:\/\/touchtantratrnava.sk\/wp-content\/uploads\/2018\/04\/v.jpg\" target=\"_self\" itemprop=\"url\" rel=\"noopener noreferrer\">\n\t\t\t\t<img decoding=\"async\" src=\"http:\/\/touchtantratrnava.sk\/wp-content\/uploads\/2018\/04\/v.jpg\" alt=\"v\" itemprop=\"image\" title=\"v\" onerror=\"this.style.display='none'\"  \/>\n\t\t\t\t<\/a>\n\t\t\t\t<a href=\"https:\/\/touchtantratrnava.sk\/wp-content\/uploads\/2018\/04\/x.jpg\" target=\"_self\" itemprop=\"url\" rel=\"noopener noreferrer\">\n\t\t\t\t<img decoding=\"async\" src=\"http:\/\/touchtantratrnava.sk\/wp-content\/uploads\/2018\/04\/x.jpg\" alt=\"x\" itemprop=\"image\" title=\"x\" onerror=\"this.style.display='none'\"  \/>\n\t\t\t\t<\/a>\n\t\t\t\t<a href=\"https:\/\/touchtantratrnava.sk\/wp-content\/uploads\/2018\/04\/m.jpg\" target=\"_self\" itemprop=\"url\" rel=\"noopener noreferrer\">\n\t\t\t\t<img decoding=\"async\" src=\"http:\/\/touchtantratrnava.sk\/wp-content\/uploads\/2018\/04\/m.jpg\" alt=\"m\" itemprop=\"image\" title=\"m\" onerror=\"this.style.display='none'\"  \/>\n\t\t\t\t<\/a>\n\t\t\t\t<a href=\"https:\/\/touchtantratrnava.sk\/wp-content\/uploads\/2018\/04\/n.jpg\" target=\"_self\" itemprop=\"url\" rel=\"noopener noreferrer\">\n\t\t\t\t<img decoding=\"async\" src=\"http:\/\/touchtantratrnava.sk\/wp-content\/uploads\/2018\/04\/n.jpg\" alt=\"n\" itemprop=\"image\" title=\"n\" onerror=\"this.style.display='none'\"  \/>\n\t\t\t\t<\/a>\n\t\t\t\t<a href=\"https:\/\/touchtantratrnava.sk\/wp-content\/uploads\/2018\/04\/z.jpg\" target=\"_self\" itemprop=\"url\" rel=\"noopener noreferrer\">\n\t\t\t\t<img decoding=\"async\" src=\"http:\/\/touchtantratrnava.sk\/wp-content\/uploads\/2018\/04\/z.jpg\" alt=\"z\" itemprop=\"image\" title=\"z\" onerror=\"this.style.display='none'\"  \/>\n\t\t\t\t<\/a>\n\t<hr \/>\n\n\t<h5>JASM\u00cdN<\/h5>\n\t\t\t\t<a href=\"https:\/\/touchtantratrnava.sk\/wp-content\/uploads\/2019\/01\/ME5A7094cb.jpg\" target=\"_self\" itemprop=\"url\" rel=\"noopener noreferrer\">\n\t\t\t\t<img decoding=\"async\" src=\"http:\/\/touchtantratrnava.sk\/wp-content\/uploads\/2019\/01\/ME5A7094cb-200x300.jpg\" alt=\"RP-PHOTOLOGY\" itemprop=\"image\" title=\"RP-PHOTOLOGY\" onerror=\"this.style.display='none'\"  \/>\n\t\t\t\t<\/a>\n\t\t\t\t<a href=\"https:\/\/touchtantratrnava.sk\/wp-content\/uploads\/2024\/04\/06.jpg\" target=\"_self\" itemprop=\"url\" rel=\"noopener noreferrer\">\n\t\t\t\t<img decoding=\"async\" src=\"http:\/\/touchtantratrnava.sk\/wp-content\/uploads\/2024\/04\/06.jpg\" alt=\"06\" itemprop=\"image\" title=\"06\" onerror=\"this.style.display='none'\"  \/>\n\t\t\t\t<\/a>\n\t\t\t\t<a href=\"https:\/\/touchtantratrnava.sk\/wp-content\/uploads\/2024\/04\/03.jpg\" target=\"_self\" itemprop=\"url\" rel=\"noopener noreferrer\">\n\t\t\t\t<img decoding=\"async\" src=\"http:\/\/touchtantratrnava.sk\/wp-content\/uploads\/2024\/04\/03-200x300.jpg\" alt=\"03\" itemprop=\"image\" title=\"03\" onerror=\"this.style.display='none'\"  \/>\n\t\t\t\t<\/a>\n\t\t\t\t<a href=\"https:\/\/touchtantratrnava.sk\/wp-content\/uploads\/2024\/04\/01.jpg\" target=\"_self\" itemprop=\"url\" rel=\"noopener noreferrer\">\n\t\t\t\t<img decoding=\"async\" src=\"http:\/\/touchtantratrnava.sk\/wp-content\/uploads\/2024\/04\/01.jpg\" alt=\"01\" itemprop=\"image\" title=\"01\" onerror=\"this.style.display='none'\"  \/>\n\t\t\t\t<\/a>\n\t\t\t\t<a href=\"https:\/\/touchtantratrnava.sk\/wp-content\/uploads\/2019\/01\/ME5A7101cb.jpg\" target=\"_self\" itemprop=\"url\" rel=\"noopener noreferrer\">\n\t\t\t\t<img decoding=\"async\" src=\"http:\/\/touchtantratrnava.sk\/wp-content\/uploads\/2019\/01\/ME5A7101cb-200x300.jpg\" alt=\"RP-PHOTOLOGY\" itemprop=\"image\" title=\"RP-PHOTOLOGY\" onerror=\"this.style.display='none'\"  \/>\n\t\t\t\t<\/a>\n\t\t\t\t<a href=\"https:\/\/touchtantratrnava.sk\/wp-content\/uploads\/2024\/04\/04.jpg\" target=\"_self\" itemprop=\"url\" rel=\"noopener noreferrer\">\n\t\t\t\t<img decoding=\"async\" src=\"http:\/\/touchtantratrnava.sk\/wp-content\/uploads\/2024\/04\/04.jpg\" alt=\"04\" itemprop=\"image\" title=\"04\" onerror=\"this.style.display='none'\"  \/>\n\t\t\t\t<\/a>\n\t<hr \/>\n\n\t<h5>LEA<\/h5>\n\t\t\t\t<a href=\"https:\/\/touchtantratrnava.sk\/wp-content\/uploads\/2024\/04\/01-1.jpg\" target=\"_self\" itemprop=\"url\" rel=\"noopener noreferrer\">\n\t\t\t\t<img decoding=\"async\" src=\"http:\/\/touchtantratrnava.sk\/wp-content\/uploads\/2024\/04\/01-1-200x300.jpg\" alt=\"01\" itemprop=\"image\" title=\"01\" onerror=\"this.style.display='none'\"  \/>\n\t\t\t\t<\/a>\n\t\t\t\t<a href=\"https:\/\/touchtantratrnava.sk\/wp-content\/uploads\/2024\/04\/02-1.jpg\" target=\"_self\" itemprop=\"url\" rel=\"noopener noreferrer\">\n\t\t\t\t<img decoding=\"async\" src=\"http:\/\/touchtantratrnava.sk\/wp-content\/uploads\/2024\/04\/02-1-124x300.jpg\" alt=\"02\" itemprop=\"image\" title=\"02\" onerror=\"this.style.display='none'\"  \/>\n\t\t\t\t<\/a>\n\t\t\t\t<a href=\"https:\/\/touchtantratrnava.sk\/wp-content\/uploads\/2024\/04\/03-1.jpg\" target=\"_self\" itemprop=\"url\" rel=\"noopener noreferrer\">\n\t\t\t\t<img decoding=\"async\" src=\"http:\/\/touchtantratrnava.sk\/wp-content\/uploads\/2024\/04\/03-1-300x236.jpg\" alt=\"03\" itemprop=\"image\" title=\"03\" onerror=\"this.style.display='none'\"  \/>\n\t\t\t\t<\/a>\n\t\t\t\t<a href=\"https:\/\/touchtantratrnava.sk\/wp-content\/uploads\/2024\/04\/04-1.jpg\" target=\"_self\" itemprop=\"url\" rel=\"noopener noreferrer\">\n\t\t\t\t<img decoding=\"async\" src=\"http:\/\/touchtantratrnava.sk\/wp-content\/uploads\/2024\/04\/04-1-300x300.jpg\" alt=\"04\" itemprop=\"image\" title=\"04\" onerror=\"this.style.display='none'\"  \/>\n\t\t\t\t<\/a>\n\t<hr \/>\n\n\t<h5>THARA<\/h5>\n\t\t\t\t<a href=\"https:\/\/touchtantratrnava.sk\/wp-content\/uploads\/2017\/06\/05-1.jpg\" target=\"_self\" itemprop=\"url\" rel=\"noopener noreferrer\">\n\t\t\t\t<img decoding=\"async\" src=\"http:\/\/touchtantratrnava.sk\/wp-content\/uploads\/2017\/06\/05-1.jpg\" alt=\"05\" itemprop=\"image\" title=\"05\" onerror=\"this.style.display='none'\"  \/>\n\t\t\t\t<\/a>\n\t\t\t\t<a href=\"https:\/\/touchtantratrnava.sk\/wp-content\/uploads\/2017\/06\/06.jpg\" target=\"_self\" itemprop=\"url\" rel=\"noopener noreferrer\">\n\t\t\t\t<img decoding=\"async\" src=\"http:\/\/touchtantratrnava.sk\/wp-content\/uploads\/2017\/06\/06.jpg\" alt=\"06\" itemprop=\"image\" title=\"06\" onerror=\"this.style.display='none'\"  \/>\n\t\t\t\t<\/a>\n\t\t\t\t<a href=\"https:\/\/touchtantratrnava.sk\/wp-content\/uploads\/2017\/06\/01-1.jpg\" target=\"_self\" itemprop=\"url\" rel=\"noopener noreferrer\">\n\t\t\t\t<img decoding=\"async\" src=\"http:\/\/touchtantratrnava.sk\/wp-content\/uploads\/2017\/06\/01-1.jpg\" alt=\"01\" itemprop=\"image\" title=\"01\" onerror=\"this.style.display='none'\"  \/>\n\t\t\t\t<\/a>\n\t\t\t\t<a href=\"https:\/\/touchtantratrnava.sk\/wp-content\/uploads\/2017\/06\/03-1.jpg\" target=\"_self\" itemprop=\"url\" rel=\"noopener noreferrer\">\n\t\t\t\t<img decoding=\"async\" src=\"http:\/\/touchtantratrnava.sk\/wp-content\/uploads\/2017\/06\/03-1.jpg\" alt=\"03\" itemprop=\"image\" title=\"03\" onerror=\"this.style.display='none'\"  \/>\n\t\t\t\t<\/a>\n\t\t\t\t<a href=\"https:\/\/touchtantratrnava.sk\/wp-content\/uploads\/2017\/06\/04.jpg\" target=\"_self\" itemprop=\"url\" rel=\"noopener noreferrer\">\n\t\t\t\t<img decoding=\"async\" src=\"http:\/\/touchtantratrnava.sk\/wp-content\/uploads\/2017\/06\/04.jpg\" alt=\"04\" itemprop=\"image\" title=\"04\" onerror=\"this.style.display='none'\"  \/>\n\t\t\t\t<\/a>\n\t\t\t\t<a href=\"https:\/\/touchtantratrnava.sk\/wp-content\/uploads\/2017\/06\/02-1.jpg\" target=\"_self\" itemprop=\"url\" rel=\"noopener noreferrer\">\n\t\t\t\t<img decoding=\"async\" src=\"http:\/\/touchtantratrnava.sk\/wp-content\/uploads\/2017\/06\/02-1.jpg\" alt=\"02\" itemprop=\"image\" title=\"02\" onerror=\"this.style.display='none'\"  \/>\n\t\t\t\t<\/a>\n\t<hr \/>\n\n\t<h5><strong>TANTRA DUO<\/strong><\/h5>\n\t\t\t\t<a href=\"https:\/\/touchtantratrnava.sk\/wp-content\/uploads\/2017\/06\/003-1.jpg\" target=\"_self\" itemprop=\"url\" rel=\"noopener noreferrer\">\n\t\t\t\t<img decoding=\"async\" src=\"http:\/\/touchtantratrnava.sk\/wp-content\/uploads\/2017\/06\/003-1.jpg\" alt=\"003\" itemprop=\"image\" title=\"003\" onerror=\"this.style.display='none'\"  \/>\n\t\t\t\t<\/a>\n\t\t\t\t<a href=\"https:\/\/touchtantratrnava.sk\/wp-content\/uploads\/2017\/06\/001-1.jpg\" target=\"_self\" itemprop=\"url\" rel=\"noopener noreferrer\">\n\t\t\t\t<img decoding=\"async\" src=\"http:\/\/touchtantratrnava.sk\/wp-content\/uploads\/2017\/06\/001-1.jpg\" alt=\"001\" itemprop=\"image\" title=\"001\" onerror=\"this.style.display='none'\"  \/>\n\t\t\t\t<\/a>\n\t\n\t<h5>N\u00e1v\u0161tevou\u00a0 TOUCH TANTRA TRNAVA automaticky s\u00fahlas\u00edte s nasledovn\u00fdmi\u00a0 pravidlami:<\/h5>\n<ul>\n<li>\n<h5>Predov\u0161etk\u00fdm upozor\u0148ujeme, \u017ee nejde o \u017eiadne sexu\u00e1lne slu\u017eby ani o v\u00fdmenu telesn\u00fdch tekut\u00edn. Podstatou tantrick\u00fdch mas\u00e1\u017e\u00ed s\u00fa jemn\u00e9 dotyky, ktor\u00fdmi mas\u00e9rka uvo\u013e\u0148uje cel\u00e9 telo klienta. Dot\u00fdka\u0165 sa tela mas\u00e9rky je mo\u017en\u00e9 len v \u0161peci\u00e1lnej TOUCH TANTRA mas\u00e1\u017ei.<\/h5>\n<\/li>\n<li>\n<h5>Nami pon\u00fakan\u00e9 mas\u00e1\u017ee obohacujeme prvkami z klasickej mas\u00e1\u017ee v kombin\u00e1cii s fyzioterapiou.<\/h5>\n<\/li>\n<li>\n<h5>Je nepr\u00edpustn\u00e9, aby klient pri\u0161iel pod vplyvom alkoholu, drog alebo in\u00fdch omamn\u00fdch l\u00e1tok.<\/h5>\n<\/li>\n<li>\n<h5>Mas\u00e1\u017e nie je mo\u017en\u00e9 poskytn\u00fa\u0165 v pr\u00edpade ko\u017en\u00e9ho ochorenia alebo infektu.<\/h5>\n<\/li>\n<li>\n<h5>Va\u0161e dary za poskytnut\u00fa mas\u00e1\u017e prij\u00edmame po uskuto\u010dnen\u00ed tantrickej mas\u00e1\u017ee. V pr\u00edpade poru\u0161enia pravidiel dar od V\u00e1s neprijmeme a nebudete ma\u0165 mo\u017enos\u0165 opakovane nav\u0161t\u00edvi\u0165 n\u00e1\u0161 sal\u00f3n.<\/h5>\n<\/li>\n<li>\n<h5>Ak s\u00fahlas\u00ed\u0161 s podmienkami, vyber si z pon\u00fakan\u00fdch mas\u00e1\u017e\u00ed, objednaj sa a pr\u00ed\u010f za\u017ei\u0165, \u010do si neza\u017eil.<\/h5>\n<\/li>\n<\/ul>\n\t\n\t<h5>Vyu\u017ei mo\u017enos\u0165 objedn\u00e1vky cez telef\u00f3n a kontaktuj n\u00e1s<\/h5>\n\t\n\t\n\t<strong>Meno: <\/strong>Mat\u00fa\u0161\n<strong>Text:<\/strong>\nMas\u00e1\u017e s Tharou bola absol\u00fatna topka.\nNezabudnute\u013en\u00fd z\u00e1\u017eitok, neviem to ani slovami vyjadri\u0165 ak\u00e1 bola \u00fa\u017easn\u00e1. \nAbsol\u00fatne profesion\u00e1lny pr\u00edstup, mil\u00e1 kr\u00e1sna \u017eena.\nUr\u010dite si to zopakujem, a m\u00f4\u017eem jedine odporu\u010di\u0165.\n\t<strong>Meno: <\/strong>Peter\n<strong>Text:<\/strong>\n\u00da\u017easn\u00fd z\u00e1\u017eitok s Anastasiou. Ve\u013emi sympatick\u00e1, pekn\u00e1 a sk\u00fasen\u00e1 tantra-mas\u00e9rka.\nJej osobn\u00fd pr\u00edstup k mas\u00e1\u017ei a cel\u00e1 mas\u00e1\u017e bola ve\u013emi profesion\u00e1lna.\nUr\u010dite si to zopakujem a vrelo odpor\u00fa\u010dam.\n\t<strong>Meno: <\/strong>Par\n<strong>Text:<\/strong>\nAbsolvovali sme Tantru masaz s Tharou, bola to nasa prva skusenost a cela \natmosfera, profesionalny pristup, prijemne prostredie a este prijemnejsia \nmaserka predcilo vsetky nase ocakavania. Je to neopisatelny a nezabudnutelny \nzazitok. Urcite sa k Thare este vratime.\n\t<strong>Meno: <\/strong>Ras\u0165o\n<strong>Text:<\/strong>\nMus\u00edm pochv\u00e1li\u0165, absolvoval som Touch Tantra mas\u00e1\u017e s mas\u00e9rkou Tharou. Ve\u013emi \nprofesion\u00e1lny pr\u00edstup, mil\u00e9 vystupovanie a komunik\u00e1cia a hlavne vkladala do \ntoho srdce a mas\u00edrovala s v\u00e1\u0161\u0148ou ako keby ste sa u\u017e roky poznali a nie len \nstrojovo ako klienta. Ur\u010dite mas\u00e1\u017e odpor\u00fa\u010dam spln\u00ed Va\u0161e tajn\u00e9 t\u00fa\u017eby. Mas\u00e9rka \nv skuto\u010dnosti e\u0161te kraj\u0161ia ako na fotk\u00e1ch, budete ma\u0165 z mas\u00e1\u017ee pr\u00edjemn\u00fd a \nuvo\u013enuj\u00faci z\u00e1\u017eitok \ud83d\ude42 Vysk\u00fa\u0161am ur\u010dite znova.\n\t<strong>Meno: <\/strong>D_junior\n<strong>Text:<\/strong>\n\u00datuln\u00fd sal\u00f3nik, ve\u013emi pr\u00edjemn\u00e1 a mil\u00e1 mas\u00e9rka a \u00fa\u017easn\u00e1 mas\u00e1\u017e. \u010eakujem Thara \nve\u013emi r\u00e1d pr\u00eddem na \u010fal\u0161iu tvoju mas\u00e1\u017e.\n\t<strong>Meno: <\/strong>romco\n<strong>Text:<\/strong>\nKomu nejde o sex ale hlavne o uvo\u013enenie mysle, tela, pohodu, relax tak pre \ntoho je t\u00e1to tantra mas\u00e1\u017e t\u00fdm prav\u00fdm. Mas\u00e9rka Thara je \u00faplne v pohode, \npr\u00edjemn\u00e1, po\u010das mas\u00e1\u017ee sa nenah\u00e1\u0148a, v\u0161etko rob\u00ed naozaj d\u00f4kladne. Tak\u017ee \u00faplne \nodpor\u00fa\u010dam a r\u00e1d sa sem budem vraca\u0165.\n\t<strong>Meno: <\/strong>David\n<strong>Text:<\/strong>\nAhoj Zara! Dakujem za uzasnu masaz. Bola uzasna. A na teba nemam slov. Si \nskvela maserka, a to tvoje telo nema chybu. Dakujem. s pozdravom, David\n\t<strong>Meno: <\/strong>Peter\n<strong>Text:<\/strong>\nVysk\u00fa\u0161al som ponukan\u00fa mas\u00e1\u017e a bol som o\u010daren\u00fd. Mas\u00e9rka bola mil\u00e1 a venovala <br \/>mi nerozdelen\u00fa pozornos\u0165. Odpor\u00fa\u010dam ok\u00fasi\u0165 a. ..r\u00e1d sa vr\u00e1tim\n\t<strong>Meno: <\/strong>KO\n<strong>Text:<\/strong>\nDlho som rozmy\u0161lal o tantra mas\u00e1\u017ei. Bol som u Thary mas\u00e1\u017e bola v\u00fdborn\u00e1 \ncelkove uvolnenie skvel\u00e9 u\u017e sa neviem Do\u010dka\u0165 kedy si to zopakujem. Thara \nje skvel\u00fd \u010dlovie\u010dik s telom bohyne nemal by som to tu ani p\u00edsat , pretoze \nby som ju najrad\u0161ej adoptoval a nechal si ju len pre seba.\n\t<strong>Meno: <\/strong>Peter\n<strong>Text:<\/strong>\nSkvel\u00e1 mas\u00e1\u017e od Jasm\u00edny, mlad\u00e1 kr\u00e1sna ne\u017en\u00e1 skvel\u00e1 profesion\u00e1lka.\nR\u00e1d sa vr\u00e1tim a odpor\u00fa\u010dam\n\n","protected":false},"excerpt":{"rendered":"<p>Telo, omamn\u00e1 v\u00f4\u0148a, \u00facta a\u00a0l\u00e1skypln\u00fd vzru\u0161uj\u00faci\u00a0DOTYK-TOUCH-TANTRA opraden\u00e1 z\u00e1vojom tajomnej sexuality. Pavu\u010dina okamihov vzru\u0161enia a\u00a0slastn\u00e9ho uvo\u013enenia. \u010co v\u0161etko preblysne hlavou pri slove TANTRA [&hellip;]<\/p>\n","protected":false},"author":1,"featured_media":0,"parent":0,"menu_order":0,"comment_status":"closed","ping_status":"open","template":"page-templates\/page_front-page.php","meta":{"footnotes":""},"class_list":["post-2","page","type-page","status-publish","hentry"],"_links":{"self":[{"href":"https:\/\/touchtantratrnava.sk\/index.php?rest_route=\/wp\/v2\/pages\/2","targetHints":{"allow":["GET"]}}],"collection":[{"href":"https:\/\/touchtantratrnava.sk\/index.php?rest_route=\/wp\/v2\/pages"}],"about":[{"href":"https:\/\/touchtantratrnava.sk\/index.php?rest_route=\/wp\/v2\/types\/page"}],"author":[{"embeddable":true,"href":"https:\/\/touchtantratrnava.sk\/index.php?rest_route=\/wp\/v2\/users\/1"}],"replies":[{"embeddable":true,"href":"https:\/\/touchtantratrnava.sk\/index.php?rest_route=%2Fwp%2Fv2%2Fcomments&post=2"}],"version-history":[{"count":6,"href":"https:\/\/touchtantratrnava.sk\/index.php?rest_route=\/wp\/v2\/pages\/2\/revisions"}],"predecessor-version":[{"id":672,"href":"https:\/\/touchtantratrnava.sk\/index.php?rest_route=\/wp\/v2\/pages\/2\/revisions\/672"}],"wp:attachment":[{"href":"https:\/\/touchtantratrnava.sk\/index.php?rest_route=%2Fwp%2Fv2%2Fmedia&parent=2"}],"curies":[{"name":"wp","href":"https:\/\/api.w.org\/{rel}","templated":true}]}}